{"id":3887,"date":"2022-03-02T10:51:34","date_gmt":"2022-03-02T09:51:34","guid":{"rendered":"https:\/\/701kunst.de\/informationen\/"},"modified":"2022-12-01T10:58:44","modified_gmt":"2022-12-01T09:58:44","slug":"informationen","status":"publish","type":"page","link":"https:\/\/701kunst.de\/en\/the-association\/informationen\/","title":{"rendered":"Informations"},"content":{"rendered":"<h1><strong>701 e.V. &#8211; an art association of a different kind<\/strong><\/h1>\n<p>Since its founding in 2005, the 701 association has supported and promoted D\u00fcsseldorf&#8217;s art and cultural scene with a wide variety of measures.<\/p>\n<p>Named after the 701 tram line that runs right through D\u00fcsseldorf, for more than 15 years it has provided regional and international artists with exciting and ever new exhibition venues in the city and at the same time offers interesting insights into cultural and political issues that affect D\u00fcsseldorf and the Rhineland with panel discussions, art talks and film evenings. At the same time, it sees itself as a link between business and art with the aim of establishing networks, sustainably strengthening the creative image of the city and continuing to make the city and region of D\u00fcsseldorf an attractive, lively location for young art and young artists.<\/p>\n<p>Among the founding members in 2005 were J\u00fcrgen B\u00fcssow, then District President and originator of the project, the late D\u00fcsseldorf Mayor Joachim Erwin, the artists Jung Me Chai and G\u00fcnther Uecker, the then director of the Kunsthalle Dr. Ulrike Groos and the art consultant Helge Achenbach. Gerit Christiani, then Head of the Department of Culture, D\u00fcsseldorf District Government, and the artists Gotthard Graubner, J\u00f6rg Immendorff and Tamara K.E. were involved in the conceptualisation.<\/p>\n<p>With Werner Wimmer, former spokesman of the board of the Deutsche Apotheker- und \u00c4rztebank, as the first chairman of the board of 701 e.V., and Wolfgang Westph\u00e4linger, then partner at Ernst &amp; Young, as the first managing director of 701 gGmbH, two experienced and art-minded D\u00fcsseldorfers guided the fortunes of the association in its first 10 years.<\/p>\n<p>Today, Dr. Michael Leistikow (former partner of Hogan Lovells International LLP) as Chairman of the Board, Detmar Westhoff (Westhoff Fine Arts) as Deputy Chairman of the Board, J\u00fcrgen B\u00fcssow (former District President of D\u00fcsseldorf) as Honorary Chairman, as well as Marcel Abel (Managing Director Jones Lang LaSalle SE), Dr. Astrid Legge (Curator Provinzial Rheinland Versicherung), Alexandra Iwan (PR + Press Agency Textschwester) and Dr. Axel Zitzmann support the association&#8217;s work with a varied programme and great commitment. The management is in the hands of Heike Sturm.<\/p>\n<p>From the beginning, the association aroused great public interest and media attention with its unconventional programme at ever-changing exhibition venues. It has always convinced not only the participating artists but also its members and sponsors. The accompanying documentation of the exhibitions in the form of catalogues reflects the varied history of the exhibitions and is still an important support for all participating artists with regard to their further artistic careers.<\/p>\n<p>One of the highlights of the long exhibition history is certainly the exhibition series <strong>Regarding D\u00fcsseldorf<\/strong> curated by Pia Witzmann, which for 6 years took a look at the very young D\u00fcsseldorf art scene at different venues and presented a generation of artists that attracted attention far beyond the region.<\/p>\n<p>With <strong>Autopilo<\/strong>t curated by the artist group KONSORTIUM (2005) in the Gerry Weber Halle D\u00fcsseldorf, <strong>Nach dem Sputnik c<\/strong>urated by Helga Meister (2007) in the KIT- Kunst im Tunnel, <strong>Vom Gehen in vielen Richtungen<\/strong> curated by Gabriele Orsech and Bernd Ruzicska (2009) in the KIT, <strong>Sunbeam in the Glasshouse<\/strong> curated by Julia Ritterskamp (2011) at the former American Consulate General, <strong>BLENDED GENERATIONS c<\/strong>urated by Pia Witzmann and Gregor Jansen (2014) at the K\u00f6-Bogen, <strong>Reflexionen &#8211; Ortsspezifische Arbeiten<\/strong> im ehemaligen Franziskanerkloster (2015) curated by Michael Voets, <strong>Strauss ist raus<\/strong> curated by Wilko Austermann (2017) at the former Strauss branch, <strong>THRESHOLDS<\/strong>, a performance festival at the Golzheimer Friedhof curated by Nadia Ismail (2019), <strong>FABRIC OF ART<\/strong> curated by Astrid Legge, Jon Moscow, Bettina Paust, Raimund Stecker and Pia Witzmann at the former Kaiser &amp; Dicke ribbon weaving factory in Wuppertal (2019), <strong>Es kippelt, aber wann<\/strong> curated by Julia Ritterskamp (2020) at the Alte K\u00e4mmerei D\u00fcsseldorf and our current exhibition series <strong>space4art intervention#f\u00fcrnk\u00e4s c<\/strong>urated by Astrid Legge at HPP Headquarters in Medienhafen were followed by other major exhibitions.<\/p>\n<p>In addition, the association launched a broad program of events, including panel discussions with guests from politics, business and culture, film evenings or the series &#8216;<strong>Gespr\u00e4che zur Kunst&#8217;<\/strong> (Talks on Art) with cultural-political topics that affect D\u00fcsseldorf and the Rhineland as well as\u00a0a series of digital discussions with internationally active artists under the motto &#8220;<strong>Global Voices of Art&#8221;<\/strong>.<\/p>\n","protected":false},"excerpt":{"rendered":"<p>701 e.V. &#8211; an art association of a different kind Since its founding in 2005, the 701 association has supported and promoted D\u00fcsseldorf&#8217;s art and cultural scene with a wide variety of measures. Named after the 701 tram line that runs right through D\u00fcsseldorf, for more than 15 years it has provided regional and international [&hellip;]<\/p>\n","protected":false},"author":1,"featured_media":0,"parent":3907,"menu_order":21,"comment_status":"closed","ping_status":"closed","template":"page-verein.php","meta":{"_acf_changed":false,"footnotes":""},"class_list":["post-3887","page","type-page","status-publish","hentry"],"acf":[],"_links":{"self":[{"href":"https:\/\/701kunst.de\/en\/wp-json\/wp\/v2\/pages\/3887","targetHints":{"allow":["GET"]}}],"collection":[{"href":"https:\/\/701kunst.de\/en\/wp-json\/wp\/v2\/pages"}],"about":[{"href":"https:\/\/701kunst.de\/en\/wp-json\/wp\/v2\/types\/page"}],"author":[{"embeddable":true,"href":"https:\/\/701kunst.de\/en\/wp-json\/wp\/v2\/users\/1"}],"replies":[{"embeddable":true,"href":"https:\/\/701kunst.de\/en\/wp-json\/wp\/v2\/comments?post=3887"}],"version-history":[{"count":5,"href":"https:\/\/701kunst.de\/en\/wp-json\/wp\/v2\/pages\/3887\/revisions"}],"predecessor-version":[{"id":4218,"href":"https:\/\/701kunst.de\/en\/wp-json\/wp\/v2\/pages\/3887\/revisions\/4218"}],"up":[{"embeddable":true,"href":"https:\/\/701kunst.de\/en\/wp-json\/wp\/v2\/pages\/3907"}],"wp:attachment":[{"href":"https:\/\/701kunst.de\/en\/wp-json\/wp\/v2\/media?parent=3887"}],"curies":[{"name":"wp","href":"https:\/\/api.w.org\/{rel}","templated":true}]}}